{"id":6043,"date":"2023-04-19T11:19:11","date_gmt":"2023-04-19T14:19:11","guid":{"rendered":"https:\/\/www.ucisperuanas.com\/?page_id=6043"},"modified":"2026-04-14T16:37:54","modified_gmt":"2026-04-14T19:37:54","slug":"apmcti","status":"publish","type":"page","link":"https:\/\/www.ucispanamenas.com\/pt-br\/apmcti\/","title":{"rendered":"APMCTI"},"content":{"rendered":"\t\t<div data-elementor-type=\"wp-page\" data-elementor-id=\"6043\" class=\"elementor elementor-6043 elementor-6041\">\n\t\t\t\t\t\t\t\t\t<section class=\"elementor-section elementor-top-section elementor-element elementor-element-2e8b1fb elementor-section-boxed elementor-section-height-default elementor-section-height-default\" data-id=\"2e8b1fb\" data-element_type=\"section\">\n\t\t\t\t\t\t<div class=\"elementor-container elementor-column-gap-default\">\n\t\t\t\t\t<div class=\"elementor-column elementor-col-100 elementor-top-column elementor-element elementor-element-9c61011\" data-id=\"9c61011\" data-element_type=\"column\">\n\t\t\t<div class=\"elementor-widget-wrap elementor-element-populated\">\n\t\t\t\t\t\t\t\t<div class=\"elementor-element elementor-element-60755bf elementor-widget elementor-widget-spacer\" data-id=\"60755bf\" data-element_type=\"widget\" data-widget_type=\"spacer.default\">\n\t\t\t\t<div class=\"elementor-widget-container\">\n\t\t\t<style>\/*! elementor - v3.15.0 - 20-08-2023 *\/\n.elementor-column .elementor-spacer-inner{height:var(--spacer-size)}.e-con{--container-widget-width:100%}.e-con-inner>.elementor-widget-spacer,.e-con>.elementor-widget-spacer{width:var(--container-widget-width,var(--spacer-size));--align-self:var(--container-widget-align-self,initial);--flex-shrink:0}.e-con-inner>.elementor-widget-spacer>.elementor-widget-container,.e-con-inner>.elementor-widget-spacer>.elementor-widget-container>.elementor-spacer,.e-con>.elementor-widget-spacer>.elementor-widget-container,.e-con>.elementor-widget-spacer>.elementor-widget-container>.elementor-spacer{height:100%}.e-con-inner>.elementor-widget-spacer>.elementor-widget-container>.elementor-spacer>.elementor-spacer-inner,.e-con>.elementor-widget-spacer>.elementor-widget-container>.elementor-spacer>.elementor-spacer-inner{height:var(--container-widget-height,var(--spacer-size))}<\/style>\t\t<div class=\"elementor-spacer\">\n\t\t\t<div class=\"elementor-spacer-inner\"><\/div>\n\t\t<\/div>\n\t\t\t\t<\/div>\n\t\t\t\t<\/div>\n\t\t\t\t\t<\/div>\n\t\t<\/div>\n\t\t\t\t\t\t\t<\/div>\n\t\t<\/section>\n\t\t\t\t<section class=\"elementor-section elementor-top-section elementor-element elementor-element-83ef479 elementor-section-boxed elementor-section-height-default elementor-section-height-default\" data-id=\"83ef479\" data-element_type=\"section\" data-settings=\"{&quot;background_background&quot;:&quot;slideshow&quot;,&quot;background_slideshow_gallery&quot;:[],&quot;background_slideshow_loop&quot;:&quot;yes&quot;,&quot;background_slideshow_slide_duration&quot;:5000,&quot;background_slideshow_slide_transition&quot;:&quot;fade&quot;,&quot;background_slideshow_transition_duration&quot;:500}\">\n\t\t\t\t\t\t\t<div class=\"elementor-background-overlay\"><\/div>\n\t\t\t\t\t\t\t<div class=\"elementor-container elementor-column-gap-default\">\n\t\t\t\t\t<div class=\"elementor-column elementor-col-33 elementor-top-column elementor-element elementor-element-9db02b3\" data-id=\"9db02b3\" data-element_type=\"column\">\n\t\t\t<div class=\"elementor-widget-wrap elementor-element-populated\">\n\t\t\t\t\t\t\t\t<div class=\"elementor-element elementor-element-67ea12a elementor-widget elementor-widget-heading\" data-id=\"67ea12a\" data-element_type=\"widget\" data-widget_type=\"heading.default\">\n\t\t\t\t<div class=\"elementor-widget-container\">\n\t\t\t<style>\/*! elementor - v3.15.0 - 20-08-2023 *\/\n.elementor-heading-title{padding:0;margin:0;line-height:1}.elementor-widget-heading .elementor-heading-title[class*=elementor-size-]>a{color:inherit;font-size:inherit;line-height:inherit}.elementor-widget-heading .elementor-heading-title.elementor-size-small{font-size:15px}.elementor-widget-heading .elementor-heading-title.elementor-size-medium{font-size:19px}.elementor-widget-heading .elementor-heading-title.elementor-size-large{font-size:29px}.elementor-widget-heading .elementor-heading-title.elementor-size-xl{font-size:39px}.elementor-widget-heading .elementor-heading-title.elementor-size-xxl{font-size:59px}<\/style><h1 class=\"elementor-heading-title elementor-size-large\">APMCTI<\/h1>\t\t<\/div>\n\t\t\t\t<\/div>\n\t\t\t\t<div class=\"elementor-element elementor-element-44cd38a elementor-widget elementor-widget-text-editor\" data-id=\"44cd38a\" data-element_type=\"widget\" data-widget_type=\"text-editor.default\">\n\t\t\t\t<div class=\"elementor-widget-container\">\n\t\t\t<style>\/*! elementor - v3.15.0 - 20-08-2023 *\/\n.elementor-widget-text-editor.elementor-drop-cap-view-stacked .elementor-drop-cap{background-color:#69727d;color:#fff}.elementor-widget-text-editor.elementor-drop-cap-view-framed .elementor-drop-cap{color:#69727d;border:3px solid;background-color:transparent}.elementor-widget-text-editor:not(.elementor-drop-cap-view-default) .elementor-drop-cap{margin-top:8px}.elementor-widget-text-editor:not(.elementor-drop-cap-view-default) .elementor-drop-cap-letter{width:1em;height:1em}.elementor-widget-text-editor .elementor-drop-cap{float:left;text-align:center;line-height:1;font-size:50px}.elementor-widget-text-editor .elementor-drop-cap-letter{display:inline-block}<\/style>\t\t\t\t<p>A <b>Associa\u00e7\u00e3o Panamenha de Medicina Cr\u00edtica e Terapia Intensiva (APMCTI) <\/b>foi fundada em 25 de julho de 1981, pessoa jur\u00eddica reconhecida pela escritura p\u00fablica n\u00ba 2653, de 5 de mar\u00e7o de 1982.<\/p><p>\u00c9 um grupo m\u00e9dico constitu\u00eddo como Associa\u00e7\u00e3o Civil e sem fins lucrativos com sede na Cidade do Panam\u00e1, Rep\u00fablica do Panam\u00e1.<\/p><p>Para mais informa\u00e7\u00f5es, visite: <a href=\"https:\/\/medcriticapanama.com\/\" target=\"_blank\" rel=\"noopener\">www.medcriticapanama.com<\/a><\/p>\t\t\t\t\t\t<\/div>\n\t\t\t\t<\/div>\n\t\t\t\t\t<\/div>\n\t\t<\/div>\n\t\t\t\t<div class=\"elementor-column elementor-col-66 elementor-top-column elementor-element elementor-element-6e74ff5\" data-id=\"6e74ff5\" data-element_type=\"column\">\n\t\t\t<div class=\"elementor-widget-wrap elementor-element-populated\">\n\t\t\t\t\t\t\t\t<div class=\"elementor-element elementor-element-bd7fb10 elementor-widget elementor-widget-image\" data-id=\"bd7fb10\" data-element_type=\"widget\" data-widget_type=\"image.default\">\n\t\t\t\t<div class=\"elementor-widget-container\">\n\t\t\t<style>\/*! elementor - v3.15.0 - 20-08-2023 *\/\n.elementor-widget-image{text-align:center}.elementor-widget-image a{display:inline-block}.elementor-widget-image a img[src$=\".svg\"]{width:48px}.elementor-widget-image img{vertical-align:middle;display:inline-block}<\/style>\t\t\t\t\t\t\t\t\t\t\t\t<img decoding=\"async\" loading=\"lazy\" width=\"300\" height=\"289\" src=\"https:\/\/www.ucispanamenas.com\/wp-content\/uploads\/2023\/09\/logo-APMCTI-300x289.png\" class=\"attachment-medium size-medium wp-image-6463\" alt=\"\" srcset=\"https:\/\/www.ucispanamenas.com\/wp-content\/uploads\/2023\/09\/logo-APMCTI-300x289.png 300w, https:\/\/www.ucispanamenas.com\/wp-content\/uploads\/2023\/09\/logo-APMCTI-1024x986.png 1024w, https:\/\/www.ucispanamenas.com\/wp-content\/uploads\/2023\/09\/logo-APMCTI-768x739.png 768w, https:\/\/www.ucispanamenas.com\/wp-content\/uploads\/2023\/09\/logo-APMCTI-1536x1478.png 1536w, https:\/\/www.ucispanamenas.com\/wp-content\/uploads\/2023\/09\/logo-APMCTI.png 1866w\" sizes=\"(max-width: 300px) 100vw, 300px\" \/>\t\t\t\t\t\t\t\t\t\t\t\t\t\t\t<\/div>\n\t\t\t\t<\/div>\n\t\t\t\t\t<\/div>\n\t\t<\/div>\n\t\t\t\t\t\t\t<\/div>\n\t\t<\/section>\n\t\t\t\t<section class=\"elementor-section elementor-top-section elementor-element elementor-element-8c95d26 elementor-section-boxed elementor-section-height-default elementor-section-height-default\" data-id=\"8c95d26\" data-element_type=\"section\">\n\t\t\t\t\t\t<div class=\"elementor-container elementor-column-gap-default\">\n\t\t\t\t\t<div class=\"elementor-column elementor-col-33 elementor-top-column elementor-element elementor-element-b673b0e\" data-id=\"b673b0e\" data-element_type=\"column\">\n\t\t\t<div class=\"elementor-widget-wrap elementor-element-populated\">\n\t\t\t\t\t\t\t\t<div class=\"elementor-element elementor-element-65f415d elementor-widget elementor-widget-spacer\" data-id=\"65f415d\" data-element_type=\"widget\" data-widget_type=\"spacer.default\">\n\t\t\t\t<div class=\"elementor-widget-container\">\n\t\t\t\t\t<div class=\"elementor-spacer\">\n\t\t\t<div class=\"elementor-spacer-inner\"><\/div>\n\t\t<\/div>\n\t\t\t\t<\/div>\n\t\t\t\t<\/div>\n\t\t\t\t<div class=\"elementor-element elementor-element-d11cbec elementor-widget elementor-widget-heading\" data-id=\"d11cbec\" data-element_type=\"widget\" data-widget_type=\"heading.default\">\n\t\t\t\t<div class=\"elementor-widget-container\">\n\t\t\t<h2 class=\"elementor-heading-title elementor-size-default\">Os objetivos da associa\u00e7\u00e3o s\u00e3o:<\/h2>\t\t<\/div>\n\t\t\t\t<\/div>\n\t\t\t\t<div class=\"elementor-element elementor-element-6057437 elementor-widget elementor-widget-spacer\" data-id=\"6057437\" data-element_type=\"widget\" data-widget_type=\"spacer.default\">\n\t\t\t\t<div class=\"elementor-widget-container\">\n\t\t\t\t\t<div class=\"elementor-spacer\">\n\t\t\t<div class=\"elementor-spacer-inner\"><\/div>\n\t\t<\/div>\n\t\t\t\t<\/div>\n\t\t\t\t<\/div>\n\t\t\t\t<div class=\"elementor-element elementor-element-2aef4ad elementor-widget elementor-widget-tf-list\" data-id=\"2aef4ad\" data-element_type=\"widget\" data-widget_type=\"tf-list.default\">\n\t\t\t\t<div class=\"elementor-widget-container\">\n\t\t\t<div id=\"tf-list-2aef4ad\" class=\"tf-list\" data-tabid=\"2aef4ad\"> \r\n\t\t\t\t<div class=\"item-list\">\r\n\t\t\t\t\t\t\t\t\t<div class=\"before-title\"> 01 <\/div>\r\n\t\t\t\t\t\t\t\t\t<div class=\"content\"> <div class=\"text\">Reunir m\u00e9dicos, enfermeiros, nutricionistas, farmac\u00eauticos e outros profissionais afins, que dentro da sua especialidade tenham e demonstrem interesse pela \u00e1rea da Medicina Cr\u00edtica e realizem, preferencial ou exclusivamente, trabalhos na \u00e1rea da Medicina Cr\u00edtica e Terapia Intensiva;<\/div><\/div>\r\n\t\t\t\t\t\t\t\t<\/div><div class=\"item-list\">\r\n\t\t\t\t\t\t\t\t\t<div class=\"before-title\"> 02 <\/div>\r\n\t\t\t\t\t\t\t\t\t<div class=\"content\"> <div class=\"text\">Promover e divulgar o estudo da Medicina Cr\u00edtica e da Terapia Intensiva para os associados, bem como para n\u00e3o associados, na medida do poss\u00edvel;<\/div><\/div>\r\n\t\t\t\t\t\t\t\t<\/div><div class=\"item-list\">\r\n\t\t\t\t\t\t\t\t\t<div class=\"before-title\"> 03 <\/div>\r\n\t\t\t\t\t\t\t\t\t<div class=\"content\"> <div class=\"text\">Organizar e participar em Congressos, Confer\u00eancias, Semin\u00e1rios, mesas redondas e outras atividades acad\u00eamicas nacionais e internacionais, sobre temas de interesse na \u00e1rea da Medicina Cr\u00edtica e da Terapia Intensiva;<\/div><\/div>\r\n\t\t\t\t\t\t\t\t<\/div><div class=\"item-list\">\r\n\t\t\t\t\t\t\t\t\t<div class=\"before-title\"> 04 <\/div>\r\n\t\t\t\t\t\t\t\t\t<div class=\"content\"> <div class=\"text\">Promover o interc\u00e2mbio acad\u00eamico com sociedades afins nacionais ou estrangeiras;<\/div><\/div>\r\n\t\t\t\t\t\t\t\t<\/div><div class=\"item-list\">\r\n\t\t\t\t\t\t\t\t\t<div class=\"before-title\"> 05 <\/div>\r\n\t\t\t\t\t\t\t\t\t<div class=\"content\"> <div class=\"text\">Promover pesquisas relacionados com a Medicina Cr\u00edtica e Terapia Intensiva;<\/div><\/div>\r\n\t\t\t\t\t\t\t\t<\/div>                \r\n            <\/div>\t\t<\/div>\n\t\t\t\t<\/div>\n\t\t\t\t\t<\/div>\n\t\t<\/div>\n\t\t\t\t<div class=\"elementor-column elementor-col-33 elementor-top-column elementor-element elementor-element-b50824c\" data-id=\"b50824c\" data-element_type=\"column\">\n\t\t\t<div class=\"elementor-widget-wrap\">\n\t\t\t\t\t\t\t\t\t<\/div>\n\t\t<\/div>\n\t\t\t\t<div class=\"elementor-column elementor-col-33 elementor-top-column elementor-element elementor-element-e3e287e\" data-id=\"e3e287e\" data-element_type=\"column\">\n\t\t\t<div class=\"elementor-widget-wrap elementor-element-populated\">\n\t\t\t\t\t\t\t\t<div class=\"elementor-element elementor-element-8881d96 elementor-widget elementor-widget-spacer\" data-id=\"8881d96\" data-element_type=\"widget\" data-widget_type=\"spacer.default\">\n\t\t\t\t<div class=\"elementor-widget-container\">\n\t\t\t\t\t<div class=\"elementor-spacer\">\n\t\t\t<div class=\"elementor-spacer-inner\"><\/div>\n\t\t<\/div>\n\t\t\t\t<\/div>\n\t\t\t\t<\/div>\n\t\t\t\t<div class=\"elementor-element elementor-element-a039f5e elementor-widget elementor-widget-tf-list\" data-id=\"a039f5e\" data-element_type=\"widget\" data-widget_type=\"tf-list.default\">\n\t\t\t\t<div class=\"elementor-widget-container\">\n\t\t\t<div id=\"tf-list-a039f5e\" class=\"tf-list\" data-tabid=\"a039f5e\"> \r\n\t\t\t\t<div class=\"item-list\">\r\n\t\t\t\t\t\t\t\t\t<div class=\"before-title\"> 06 <\/div>\r\n\t\t\t\t\t\t\t\t\t<div class=\"content\"> <div class=\"text\">Criar na Associa\u00e7\u00e3o as comiss\u00f5es necess\u00e1rias, de acordo com a evolu\u00e7\u00e3o da Medicina Cr\u00edtica e da Terapia Intensiva;<\/div><\/div>\r\n\t\t\t\t\t\t\t\t<\/div><div class=\"item-list\">\r\n\t\t\t\t\t\t\t\t\t<div class=\"before-title\"> 07 <\/div>\r\n\t\t\t\t\t\t\t\t\t<div class=\"content\"> <div class=\"text\">Realizar atividades m\u00e9dico-sociais educativas e de divulga\u00e7\u00e3o em benef\u00edcio da coletividade;<\/div><\/div>\r\n\t\t\t\t\t\t\t\t<\/div><div class=\"item-list\">\r\n\t\t\t\t\t\t\t\t\t<div class=\"before-title\"> 08 <\/div>\r\n\t\t\t\t\t\t\t\t\t<div class=\"content\"> <div class=\"text\">Promover a edi\u00e7\u00e3o de publica\u00e7\u00f5es relacionadas com a Medicina Cr\u00edtica;<\/div><\/div>\r\n\t\t\t\t\t\t\t\t<\/div><div class=\"item-list\">\r\n\t\t\t\t\t\t\t\t\t<div class=\"before-title\"> 09 <\/div>\r\n\t\t\t\t\t\t\t\t\t<div class=\"content\"> <div class=\"text\">Monitorar e avaliar o exerc\u00edcio da Medicina Cr\u00edtica em n\u00edvel nacional.<\/div><\/div>\r\n\t\t\t\t\t\t\t\t<\/div>                \r\n            <\/div>\t\t<\/div>\n\t\t\t\t<\/div>\n\t\t\t\t\t<\/div>\n\t\t<\/div>\n\t\t\t\t\t\t\t<\/div>\n\t\t<\/section>\n\t\t\t\t\t\t\t<\/div>\n\t\t","protected":false},"excerpt":{"rendered":"<p>APMCTI A Associa\u00e7\u00e3o Panamenha de Medicina Cr\u00edtica e Terapia Intensiva (APMCTI) foi fundada em 25 de julho de 1981, pessoa jur\u00eddica reconhecida pela escritura p\u00fablica n\u00ba 2653, [&hellip;]<\/p>\n","protected":false},"author":1,"featured_media":0,"parent":0,"menu_order":0,"comment_status":"closed","ping_status":"closed","template":"tpl\/front-page.php","meta":{"footnotes":""},"yoast_head":"<!-- This site is optimized with the Yoast SEO plugin v21.1 - https:\/\/yoast.com\/wordpress\/plugins\/seo\/ -->\r\n<title>APMCTI - UCIs Peruanas<\/title>\r\n<meta name=\"robots\" content=\"noindex, follow, max-snippet:-1, max-image-preview:large, max-video-preview:-1\" \/>\r\n<meta property=\"og:locale\" content=\"pt_BR\" \/>\r\n<meta property=\"og:type\" content=\"article\" \/>\r\n<meta property=\"og:title\" content=\"APMCTI - UCIs Peruanas\" \/>\r\n<meta property=\"og:description\" content=\"APMCTI A Associa\u00e7\u00e3o Panamenha de Medicina Cr\u00edtica e Terapia Intensiva (APMCTI) foi fundada em 25 de julho de 1981, pessoa jur\u00eddica reconhecida pela escritura p\u00fablica n\u00ba 2653, [&hellip;]\" \/>\r\n<meta property=\"og:url\" content=\"https:\/\/www.ucispanamenas.com\/pt-br\/apmcti\/\" \/>\r\n<meta property=\"og:site_name\" content=\"UCIs Peruanas\" \/>\r\n<meta property=\"article:modified_time\" content=\"2026-04-14T19:37:54+00:00\" \/>\r\n<meta property=\"og:image\" content=\"https:\/\/www.ucispanamenas.com\/wp-content\/uploads\/2023\/09\/logo-APMCTI-300x289.png\" \/>\r\n<meta name=\"twitter:card\" content=\"summary_large_image\" \/>\r\n<meta name=\"twitter:label1\" content=\"Est. tempo de leitura\" \/>\n\t<meta name=\"twitter:data1\" content=\"2 minutos\" \/>\r\n<script type=\"application\/ld+json\" class=\"yoast-schema-graph\">{\"@context\":\"https:\/\/schema.org\",\"@graph\":[{\"@type\":\"WebPage\",\"@id\":\"https:\/\/www.ucispanamenas.com\/pt-br\/apmcti\/\",\"url\":\"https:\/\/www.ucispanamenas.com\/pt-br\/apmcti\/\",\"name\":\"APMCTI - UCIs Peruanas\",\"isPartOf\":{\"@id\":\"https:\/\/www.ucischilenas.com\/#website\"},\"datePublished\":\"2023-04-19T14:19:11+00:00\",\"dateModified\":\"2026-04-14T19:37:54+00:00\",\"breadcrumb\":{\"@id\":\"https:\/\/www.ucispanamenas.com\/pt-br\/apmcti\/#breadcrumb\"},\"inLanguage\":\"pt-BR\",\"potentialAction\":[{\"@type\":\"ReadAction\",\"target\":[\"https:\/\/www.ucispanamenas.com\/pt-br\/apmcti\/\"]}]},{\"@type\":\"BreadcrumbList\",\"@id\":\"https:\/\/www.ucispanamenas.com\/pt-br\/apmcti\/#breadcrumb\",\"itemListElement\":[{\"@type\":\"ListItem\",\"position\":1,\"name\":\"In\u00edcio\",\"item\":\"https:\/\/www.ucispanamenas.com\/pt-br\/\"},{\"@type\":\"ListItem\",\"position\":2,\"name\":\"APMCTI\"}]},{\"@type\":\"WebSite\",\"@id\":\"https:\/\/www.ucischilenas.com\/#website\",\"url\":\"https:\/\/www.ucischilenas.com\/\",\"name\":\"UCIs Peruanas\",\"description\":\"\",\"potentialAction\":[{\"@type\":\"SearchAction\",\"target\":{\"@type\":\"EntryPoint\",\"urlTemplate\":\"https:\/\/www.ucischilenas.com\/?s={search_term_string}\"},\"query-input\":\"required name=search_term_string\"}],\"inLanguage\":\"pt-BR\"}]}<\/script>\r\n<!-- \/ Yoast SEO plugin. -->","yoast_head_json":{"title":"APMCTI - UCIs Peruanas","robots":{"index":"noindex","follow":"follow","max-snippet":"max-snippet:-1","max-image-preview":"max-image-preview:large","max-video-preview":"max-video-preview:-1"},"og_locale":"pt_BR","og_type":"article","og_title":"APMCTI - UCIs Peruanas","og_description":"APMCTI A Associa\u00e7\u00e3o Panamenha de Medicina Cr\u00edtica e Terapia Intensiva (APMCTI) foi fundada em 25 de julho de 1981, pessoa jur\u00eddica reconhecida pela escritura p\u00fablica n\u00ba 2653, [&hellip;]","og_url":"https:\/\/www.ucispanamenas.com\/pt-br\/apmcti\/","og_site_name":"UCIs Peruanas","article_modified_time":"2026-04-14T19:37:54+00:00","og_image":[{"url":"https:\/\/www.ucispanamenas.com\/wp-content\/uploads\/2023\/09\/logo-APMCTI-300x289.png"}],"twitter_card":"summary_large_image","twitter_misc":{"Est. tempo de leitura":"2 minutos"},"schema":{"@context":"https:\/\/schema.org","@graph":[{"@type":"WebPage","@id":"https:\/\/www.ucispanamenas.com\/pt-br\/apmcti\/","url":"https:\/\/www.ucispanamenas.com\/pt-br\/apmcti\/","name":"APMCTI - UCIs Peruanas","isPartOf":{"@id":"https:\/\/www.ucischilenas.com\/#website"},"datePublished":"2023-04-19T14:19:11+00:00","dateModified":"2026-04-14T19:37:54+00:00","breadcrumb":{"@id":"https:\/\/www.ucispanamenas.com\/pt-br\/apmcti\/#breadcrumb"},"inLanguage":"pt-BR","potentialAction":[{"@type":"ReadAction","target":["https:\/\/www.ucispanamenas.com\/pt-br\/apmcti\/"]}]},{"@type":"BreadcrumbList","@id":"https:\/\/www.ucispanamenas.com\/pt-br\/apmcti\/#breadcrumb","itemListElement":[{"@type":"ListItem","position":1,"name":"In\u00edcio","item":"https:\/\/www.ucispanamenas.com\/pt-br\/"},{"@type":"ListItem","position":2,"name":"APMCTI"}]},{"@type":"WebSite","@id":"https:\/\/www.ucischilenas.com\/#website","url":"https:\/\/www.ucischilenas.com\/","name":"UCIs Peruanas","description":"","potentialAction":[{"@type":"SearchAction","target":{"@type":"EntryPoint","urlTemplate":"https:\/\/www.ucischilenas.com\/?s={search_term_string}"},"query-input":"required name=search_term_string"}],"inLanguage":"pt-BR"}]}},"_links":{"self":[{"href":"https:\/\/www.ucispanamenas.com\/pt-br\/wp-json\/wp\/v2\/pages\/6043"}],"collection":[{"href":"https:\/\/www.ucispanamenas.com\/pt-br\/wp-json\/wp\/v2\/pages"}],"about":[{"href":"https:\/\/www.ucispanamenas.com\/pt-br\/wp-json\/wp\/v2\/types\/page"}],"author":[{"embeddable":true,"href":"https:\/\/www.ucispanamenas.com\/pt-br\/wp-json\/wp\/v2\/users\/1"}],"replies":[{"embeddable":true,"href":"https:\/\/www.ucispanamenas.com\/pt-br\/wp-json\/wp\/v2\/comments?post=6043"}],"version-history":[{"count":34,"href":"https:\/\/www.ucispanamenas.com\/pt-br\/wp-json\/wp\/v2\/pages\/6043\/revisions"}],"predecessor-version":[{"id":6477,"href":"https:\/\/www.ucispanamenas.com\/pt-br\/wp-json\/wp\/v2\/pages\/6043\/revisions\/6477"}],"wp:attachment":[{"href":"https:\/\/www.ucispanamenas.com\/pt-br\/wp-json\/wp\/v2\/media?parent=6043"}],"curies":[{"name":"wp","href":"https:\/\/api.w.org\/{rel}","templated":true}]}}